{"id":19,"date":"2016-07-24T00:15:49","date_gmt":"2016-07-23T22:15:49","guid":{"rendered":"http:\/\/mariannerady.com\/?page_id=19"},"modified":"2024-03-19T12:27:27","modified_gmt":"2024-03-19T10:27:27","slug":"ueber-mich","status":"publish","type":"page","link":"https:\/\/mariannerady.com\/de\/ueber-mich\/","title":{"rendered":"\u00dcber mich"},"content":{"rendered":"\t\t<div data-elementor-type=\"wp-page\" data-elementor-id=\"19\" class=\"elementor elementor-19\">\n\t\t\t\t<div class=\"elementor-element elementor-element-e244aab e-flex e-con-boxed e-con e-parent\" data-id=\"e244aab\" data-element_type=\"container\" data-e-type=\"container\">\n\t\t\t\t\t<div class=\"e-con-inner\">\n\t\t<div class=\"elementor-element elementor-element-078794e e-con-full e-flex e-con e-child\" data-id=\"078794e\" data-element_type=\"container\" data-e-type=\"container\">\n\t\t\t\t<div class=\"elementor-element elementor-element-f2af442 elementor-widget elementor-widget-image\" data-id=\"f2af442\" data-element_type=\"widget\" data-e-type=\"widget\" data-widget_type=\"image.default\">\n\t\t\t\t<div class=\"elementor-widget-container\">\n\t\t\t\t\t\t\t\t\t\t\t\t\t\t\t<img fetchpriority=\"high\" decoding=\"async\" width=\"638\" height=\"706\" src=\"https:\/\/mariannerady.com\/wp-content\/uploads\/2022\/12\/Screenshot-2022-12-24-190208.png\" class=\"attachment-medium_large size-medium_large wp-image-1098\" alt=\"\" srcset=\"https:\/\/mariannerady.com\/wp-content\/uploads\/2022\/12\/Screenshot-2022-12-24-190208.png 638w, https:\/\/mariannerady.com\/wp-content\/uploads\/2022\/12\/Screenshot-2022-12-24-190208-271x300.png 271w, https:\/\/mariannerady.com\/wp-content\/uploads\/2022\/12\/Screenshot-2022-12-24-190208-54x60.png 54w\" sizes=\"(max-width: 638px) 100vw, 638px\" \/>\t\t\t\t\t\t\t\t\t\t\t\t\t\t\t<\/div>\n\t\t\t\t<\/div>\n\t\t\t\t<\/div>\n\t\t<div class=\"elementor-element elementor-element-c3f79cc e-con-full e-flex e-con e-child\" data-id=\"c3f79cc\" data-element_type=\"container\" data-e-type=\"container\">\n\t\t\t\t<div class=\"elementor-element elementor-element-c295889 elementor-widget elementor-widget-heading\" data-id=\"c295889\" data-element_type=\"widget\" data-e-type=\"widget\" data-widget_type=\"heading.default\">\n\t\t\t\t<div class=\"elementor-widget-container\">\n\t\t\t\t\t<h2 class=\"elementor-heading-title elementor-size-default\">Hallo, ich bin Marianne<\/h2>\t\t\t\t<\/div>\n\t\t\t\t<\/div>\n\t\t\t\t<div class=\"elementor-element elementor-element-0268326 elementor-widget elementor-widget-text-editor\" data-id=\"0268326\" data-element_type=\"widget\" data-e-type=\"widget\" data-widget_type=\"text-editor.default\">\n\t\t\t\t<div class=\"elementor-widget-container\">\n\t\t\t\t\t\t\t\t\t<p>Seit 10 Jahren arbeite ich mit Einzelpersonen, Teams und Organisationen in jeder Phase der agilen Reise. Menschen zu verbinden ist meine Superkraft! Ich \u00fcberbr\u00fccke die manchmal schwierige Kommunikation zwischen F\u00fchrungskr\u00e4ften und Expert:innen in verschiedenen Abteilungen dank meines Bachelor-Abschlusses in Software-Engineering, einem hohen Ma\u00df an Empathie und starken Moderationsf\u00e4higkeiten.<\/p>\n<p>Ich habe in Branchen wie IT, Automobil, Reisen und Medizin mit Unternehmen in Europa, Kuba und den USA gearbeitet.<\/p>\n<p>Die Unterst\u00fctzung von Remote-Teams ist seit 2017 mein Steckenpferd.<\/p>\n<p>\ud83d\udea8<strong>WARNUNG<\/strong> \ud83d\udea8<br \/>Wenn ihr mich eure Meetings moderieren lasst, kann das zu Grinsegesichtern und besserer Zusammenarbeit f\u00fchren!<\/p>\t\t\t\t\t\t\t\t<\/div>\n\t\t\t\t<\/div>\n\t\t\t\t<\/div>\n\t\t\t\t\t<\/div>\n\t\t\t\t<\/div>\n\t\t<div class=\"elementor-element elementor-element-7bd87f7 e-flex e-con-boxed e-con e-parent\" data-id=\"7bd87f7\" data-element_type=\"container\" data-e-type=\"container\">\n\t\t\t\t\t<div class=\"e-con-inner\">\n\t\t<div class=\"elementor-element elementor-element-1d16f7c e-con-full e-flex e-con e-child\" data-id=\"1d16f7c\" data-element_type=\"container\" data-e-type=\"container\">\n\t\t\t\t<div class=\"elementor-element elementor-element-e22487f elementor-widget elementor-widget-heading\" data-id=\"e22487f\" data-element_type=\"widget\" data-e-type=\"widget\" data-widget_type=\"heading.default\">\n\t\t\t\t<div class=\"elementor-widget-container\">\n\t\t\t\t\t<h2 class=\"elementor-heading-title elementor-size-default\">Was ich als Agile Coach f\u00fcr dein Team tun kann<\/h2>\t\t\t\t<\/div>\n\t\t\t\t<\/div>\n\t\t\t\t<div class=\"elementor-element elementor-element-a8779b8 elementor-widget elementor-widget-text-editor\" data-id=\"a8779b8\" data-element_type=\"widget\" data-e-type=\"widget\" data-widget_type=\"text-editor.default\">\n\t\t\t\t<div class=\"elementor-widget-container\">\n\t\t\t\t\t\t\t\t\t<div class=\"wp-block-column is-layout-flow wp-block-column-is-layout-flow\">\n<p>Viele Menschen nutzen agile Verfahren, um ihre Kunden besser zu verstehen, ihre Produkte zu verbessern, ihre Arbeitsabl\u00e4ufe zu vereinfachen und Wissenssilos zu beseitigen.<\/p>\n<p>Das klingt einfach, ist aber nicht leicht. Hier komme ich ins Spiel.<\/p>\n<p>Indem ich zuh\u00f6re und beobachte, gute Fragen stelle und Gespr\u00e4che f\u00fchre, helfe ich den Teams herauszufinden, was angepasst werden muss und wie sie diese \u00c4nderungen in ihre t\u00e4gliche Arbeit integrieren k\u00f6nnen. Au\u00dferdem unterst\u00fctze ich Teams dabei, besser zusammenzuarbeiten, besser zu kommunizieren, Konflikte zu l\u00f6sen und Hindernisse zu beseitigen, damit die Mitarbeiter ihre beste Arbeit leisten k\u00f6nnen.<\/p>\n<p>Die Teams k\u00f6nnen jede Ebene, Gr\u00f6\u00dfe oder Abteilung haben, von 50 Entwickler:innen \u00fcber 10 Vertriebsmitarbeiter:innen bis hin zu 3 CEOs.<\/p>\n<\/div>\t\t\t\t\t\t\t\t<\/div>\n\t\t\t\t<\/div>\n\t\t\t\t<\/div>\n\t\t<div class=\"elementor-element elementor-element-df0e3ab e-con-full e-flex e-con e-child\" data-id=\"df0e3ab\" data-element_type=\"container\" data-e-type=\"container\">\n\t\t\t\t<div class=\"elementor-element elementor-element-5f331f8 elementor-widget elementor-widget-image\" data-id=\"5f331f8\" data-element_type=\"widget\" data-e-type=\"widget\" data-widget_type=\"image.default\">\n\t\t\t\t<div class=\"elementor-widget-container\">\n\t\t\t\t\t\t\t\t\t\t\t\t\t\t\t<img decoding=\"async\" width=\"486\" height=\"584\" src=\"https:\/\/mariannerady.com\/wp-content\/uploads\/2022\/12\/Screenshot-2022-12-24-190052-edited.png\" class=\"attachment-medium_large size-medium_large wp-image-1127\" alt=\"\" srcset=\"https:\/\/mariannerady.com\/wp-content\/uploads\/2022\/12\/Screenshot-2022-12-24-190052-edited.png 486w, https:\/\/mariannerady.com\/wp-content\/uploads\/2022\/12\/Screenshot-2022-12-24-190052-edited-250x300.png 250w, https:\/\/mariannerady.com\/wp-content\/uploads\/2022\/12\/Screenshot-2022-12-24-190052-edited-50x60.png 50w\" sizes=\"(max-width: 486px) 100vw, 486px\" \/>\t\t\t\t\t\t\t\t\t\t\t\t\t\t\t<\/div>\n\t\t\t\t<\/div>\n\t\t\t\t<\/div>\n\t\t\t\t\t<\/div>\n\t\t\t\t<\/div>\n\t\t<div class=\"elementor-element elementor-element-d1153c0 e-flex e-con-boxed e-con e-parent\" data-id=\"d1153c0\" data-element_type=\"container\" data-e-type=\"container\">\n\t\t\t\t\t<div class=\"e-con-inner\">\n\t\t<div class=\"elementor-element elementor-element-1c3b5d4 e-con-full e-flex e-con e-child\" data-id=\"1c3b5d4\" data-element_type=\"container\" data-e-type=\"container\">\n\t\t\t\t<div class=\"elementor-element elementor-element-19c3fdb elementor-widget elementor-widget-image\" data-id=\"19c3fdb\" data-element_type=\"widget\" data-e-type=\"widget\" data-widget_type=\"image.default\">\n\t\t\t\t<div class=\"elementor-widget-container\">\n\t\t\t\t\t\t\t\t\t\t\t\t\t\t\t<img decoding=\"async\" src=\"https:\/\/mariannerady.com\/wp-content\/uploads\/elementor\/thumbs\/Screenshot-2022-10-01-013725-pzno5v0oke0dmpixprg78tncaihrvtiydl9sfmtokg.png\" title=\"Marianne Rady, Agile Coach\" alt=\"Marianne Rady, Agile Coach\" loading=\"lazy\" \/>\t\t\t\t\t\t\t\t\t\t\t\t\t\t\t<\/div>\n\t\t\t\t<\/div>\n\t\t\t\t<\/div>\n\t\t<div class=\"elementor-element elementor-element-4ddcdd5 e-con-full e-flex e-con e-child\" data-id=\"4ddcdd5\" data-element_type=\"container\" data-e-type=\"container\">\n\t\t\t\t<div class=\"elementor-element elementor-element-5f9b6f0 elementor-widget elementor-widget-heading\" data-id=\"5f9b6f0\" data-element_type=\"widget\" data-e-type=\"widget\" data-widget_type=\"heading.default\">\n\t\t\t\t<div class=\"elementor-widget-container\">\n\t\t\t\t\t<h2 class=\"elementor-heading-title elementor-size-default\">In meiner Freizeit<\/h2>\t\t\t\t<\/div>\n\t\t\t\t<\/div>\n\t\t\t\t<div class=\"elementor-element elementor-element-72421b3 elementor-widget elementor-widget-text-editor\" data-id=\"72421b3\" data-element_type=\"widget\" data-e-type=\"widget\" data-widget_type=\"text-editor.default\">\n\t\t\t\t<div class=\"elementor-widget-container\">\n\t\t\t\t\t\t\t\t\t<div class=\"wp-block-column is-layout-flow wp-block-column-is-layout-flow\">\n<ul>\n<li>bin ich vierfache Katzenmama<\/li>\n<li>organisiere ich meetups in der Sketchnote Community<\/li>\n<li>mache ich St\u00e4dtetrips und schlemme mich durch Caf\u00e9s und Restaurants<\/li>\n<li>lese ich immer mindestens f\u00fcnf B\u00fccher gleichzeitig<\/li>\n<li>zwischen Meetings buddle ich in meinen Pflanzen auf der Terrasse rum<\/li>\n<\/ul>\n<\/div>\t\t\t\t\t\t\t\t<\/div>\n\t\t\t\t<\/div>\n\t\t\t\t<\/div>\n\t\t\t\t\t<\/div>\n\t\t\t\t<\/div>\n\t\t\t\t<\/div>\n\t\t","protected":false},"excerpt":{"rendered":"<p>Hallo, ich bin Marianne. Seit 9 Jahren arbeite ich mit Einzelpersonen, Teams und Organisationen in jeder Phase der agilen Reise. Menschen zu verbinden ist meine Superkraft! Ich \u00fcberbr\u00fccke die manchmal schwierige Kommunikation zwischen F\u00fchrungskr\u00e4ften und Expert:innen in verschiedenen Abteilungen dank meines Bachelor-Abschlusses in Software-Engineering, einem hohen Ma\u00df an Empathie und starken Moderationsf\u00e4higkeiten. Ich habe in [&hellip;]<\/p>\n","protected":false},"author":1,"featured_media":0,"parent":0,"menu_order":0,"comment_status":"closed","ping_status":"closed","template":"","meta":{"ocean_post_layout":"","ocean_both_sidebars_style":"","ocean_both_sidebars_content_width":0,"ocean_both_sidebars_sidebars_width":0,"ocean_sidebar":"","ocean_second_sidebar":"","ocean_disable_margins":"enable","ocean_add_body_class":"","ocean_shortcode_before_top_bar":"","ocean_shortcode_after_top_bar":"","ocean_shortcode_before_header":"","ocean_shortcode_after_header":"","ocean_has_shortcode":"","ocean_shortcode_after_title":"","ocean_shortcode_before_footer_widgets":"","ocean_shortcode_after_footer_widgets":"","ocean_shortcode_before_footer_bottom":"","ocean_shortcode_after_footer_bottom":"","ocean_display_top_bar":"default","ocean_display_header":"default","ocean_header_style":"","ocean_center_header_left_menu":"","ocean_custom_header_template":"","ocean_custom_logo":0,"ocean_custom_retina_logo":0,"ocean_custom_logo_max_width":0,"ocean_custom_logo_tablet_max_width":0,"ocean_custom_logo_mobile_max_width":0,"ocean_custom_logo_max_height":0,"ocean_custom_logo_tablet_max_height":0,"ocean_custom_logo_mobile_max_height":0,"ocean_header_custom_menu":"","ocean_menu_typo_font_family":"","ocean_menu_typo_font_subset":"","ocean_menu_typo_font_size":0,"ocean_menu_typo_font_size_tablet":0,"ocean_menu_typo_font_size_mobile":0,"ocean_menu_typo_font_size_unit":"px","ocean_menu_typo_font_weight":"","ocean_menu_typo_font_weight_tablet":"","ocean_menu_typo_font_weight_mobile":"","ocean_menu_typo_transform":"","ocean_menu_typo_transform_tablet":"","ocean_menu_typo_transform_mobile":"","ocean_menu_typo_line_height":0,"ocean_menu_typo_line_height_tablet":0,"ocean_menu_typo_line_height_mobile":0,"ocean_menu_typo_line_height_unit":"","ocean_menu_typo_spacing":0,"ocean_menu_typo_spacing_tablet":0,"ocean_menu_typo_spacing_mobile":0,"ocean_menu_typo_spacing_unit":"","ocean_menu_link_color":"","ocean_menu_link_color_hover":"","ocean_menu_link_color_active":"","ocean_menu_link_background":"","ocean_menu_link_hover_background":"","ocean_menu_link_active_background":"","ocean_menu_social_links_bg":"","ocean_menu_social_hover_links_bg":"","ocean_menu_social_links_color":"","ocean_menu_social_hover_links_color":"","ocean_disable_title":"default","ocean_disable_heading":"default","ocean_post_title":"","ocean_post_subheading":"","ocean_post_title_style":"","ocean_post_title_background_color":"","ocean_post_title_background":0,"ocean_post_title_bg_image_position":"","ocean_post_title_bg_image_attachment":"","ocean_post_title_bg_image_repeat":"","ocean_post_title_bg_image_size":"","ocean_post_title_height":0,"ocean_post_title_bg_overlay":0.5,"ocean_post_title_bg_overlay_color":"","ocean_disable_breadcrumbs":"default","ocean_breadcrumbs_color":"","ocean_breadcrumbs_separator_color":"","ocean_breadcrumbs_links_color":"","ocean_breadcrumbs_links_hover_color":"","ocean_display_footer_widgets":"default","ocean_display_footer_bottom":"default","ocean_custom_footer_template":"","footnotes":""},"class_list":["post-19","page","type-page","status-publish","hentry","entry"],"aioseo_notices":[],"_links":{"self":[{"href":"https:\/\/mariannerady.com\/de\/wp-json\/wp\/v2\/pages\/19","targetHints":{"allow":["GET"]}}],"collection":[{"href":"https:\/\/mariannerady.com\/de\/wp-json\/wp\/v2\/pages"}],"about":[{"href":"https:\/\/mariannerady.com\/de\/wp-json\/wp\/v2\/types\/page"}],"author":[{"embeddable":true,"href":"https:\/\/mariannerady.com\/de\/wp-json\/wp\/v2\/users\/1"}],"replies":[{"embeddable":true,"href":"https:\/\/mariannerady.com\/de\/wp-json\/wp\/v2\/comments?post=19"}],"version-history":[{"count":49,"href":"https:\/\/mariannerady.com\/de\/wp-json\/wp\/v2\/pages\/19\/revisions"}],"predecessor-version":[{"id":1840,"href":"https:\/\/mariannerady.com\/de\/wp-json\/wp\/v2\/pages\/19\/revisions\/1840"}],"wp:attachment":[{"href":"https:\/\/mariannerady.com\/de\/wp-json\/wp\/v2\/media?parent=19"}],"curies":[{"name":"wp","href":"https:\/\/api.w.org\/{rel}","templated":true}]}}