{"id":1561,"date":"2023-03-23T13:00:14","date_gmt":"2023-03-23T11:00:14","guid":{"rendered":"https:\/\/mariannerady.com\/?page_id=1561"},"modified":"2023-08-14T15:14:37","modified_gmt":"2023-08-14T13:14:37","slug":"workshops","status":"publish","type":"page","link":"https:\/\/mariannerady.com\/de\/workshops\/","title":{"rendered":"Workshops"},"content":{"rendered":"<div class=\"wp-block-image\">\n<figure class=\"aligncenter size-large\"><img fetchpriority=\"high\" decoding=\"async\" width=\"644\" height=\"430\" src=\"https:\/\/mariannerady.com\/wp-content\/uploads\/2023\/08\/sbbd23-inkblot_SNBD23_CC-BY-4.0_202306100580-644x430.webp\" alt=\"\" class=\"wp-image-1653\" srcset=\"https:\/\/mariannerady.com\/wp-content\/uploads\/2023\/08\/sbbd23-inkblot_SNBD23_CC-BY-4.0_202306100580-644x430.webp 644w, https:\/\/mariannerady.com\/wp-content\/uploads\/2023\/08\/sbbd23-inkblot_SNBD23_CC-BY-4.0_202306100580-300x200.webp 300w, https:\/\/mariannerady.com\/wp-content\/uploads\/2023\/08\/sbbd23-inkblot_SNBD23_CC-BY-4.0_202306100580-768x512.webp 768w, https:\/\/mariannerady.com\/wp-content\/uploads\/2023\/08\/sbbd23-inkblot_SNBD23_CC-BY-4.0_202306100580-90x60.webp 90w, https:\/\/mariannerady.com\/wp-content\/uploads\/2023\/08\/sbbd23-inkblot_SNBD23_CC-BY-4.0_202306100580.webp 1000w\" sizes=\"(max-width: 644px) 100vw, 644px\" \/><\/figure>\n<\/div>\n\n\n<div class=\"wp-block-columns is-layout-flex wp-container-core-columns-is-layout-9d6595d7 wp-block-columns-is-layout-flex\">\n<div class=\"wp-block-column is-layout-flow wp-block-column-is-layout-flow\" style=\"flex-basis:66.66%\">\n<p>Manchmal muss man sich einfach f\u00fcr ein paar Stunden zusammensetzen, um eine L\u00f6sung zu finden.<\/p>\n\n\n\n<p>Und meistens ist es hilfreich, jemanden zu haben, der das vorbereiten, moderieren und dokumentieren kann, damit alle aktiv mitmachen k\u00f6nnen.<\/p>\n\n\n\n<p>Hier komme ich ins Spiel, denn ich liebe Workshops!<\/p>\n<\/div>\n<\/div>\n\n\n<div class=\"wp-block-image\">\n<figure class=\"aligncenter size-full is-resized\"><img decoding=\"async\" src=\"https:\/\/mariannerady.com\/wp-content\/uploads\/2022\/12\/LAS-1.png\" alt=\"\" class=\"wp-image-1271\" style=\"width:784px;height:338px\" width=\"784\" height=\"338\" srcset=\"https:\/\/mariannerady.com\/wp-content\/uploads\/2022\/12\/LAS-1.png 1567w, https:\/\/mariannerady.com\/wp-content\/uploads\/2022\/12\/LAS-1-300x129.png 300w, https:\/\/mariannerady.com\/wp-content\/uploads\/2022\/12\/LAS-1-644x278.png 644w, https:\/\/mariannerady.com\/wp-content\/uploads\/2022\/12\/LAS-1-768x331.png 768w, https:\/\/mariannerady.com\/wp-content\/uploads\/2022\/12\/LAS-1-1536x663.png 1536w, https:\/\/mariannerady.com\/wp-content\/uploads\/2022\/12\/LAS-1-139x60.png 139w\" sizes=\"(max-width: 784px) 100vw, 784px\" \/><\/figure>\n<\/div>\n\n\n<blockquote class=\"wp-block-quote is-layout-flow wp-block-quote-is-layout-flow\">\n<p class=\"has-text-align-left\">Eine schwammige Tagesordnung?<br>Sich dahinschleppende Diskussionen, die zu nichts f\u00fchren?<br>Keine Ergebnisse und n\u00e4chste Schritte?<br><mark style=\"background-color:rgba(0, 0, 0, 0)\" class=\"has-inline-color has-luminous-vivid-orange-color\"><strong>Nicht mit mir.<\/strong><\/mark><\/p>\n<\/blockquote>\n\n\n\n<div class=\"wp-block-columns is-layout-flex wp-container-core-columns-is-layout-9d6595d7 wp-block-columns-is-layout-flex\">\n<div class=\"wp-block-column is-layout-flow wp-block-column-is-layout-flow\" style=\"flex-basis:66.66%\">\n<p>Sei es ein quartalsweiser Teamworkshop, eine Trainingsreihe f\u00fcr agile Methoden oder eine Abteilungsstrategie-Session f\u00fcr 5, 50 oder 250 Personen, remote oder onsite, auf Englisch oder Deutsch, ich \u00fcbernehm&#8216; das gerne f\u00fcr euch.<\/p>\n\n\n\n<p>Mein Moderations- Werkzeugkasten umfasst Liberating Structures, Open Space, Marketplace, Barcamp, Graphic Facilitation und Training From The Back Of The Room.<\/p>\n<\/div>\n<\/div>\n\n\n\n<hr class=\"wp-block-separator has-alpha-channel-opacity\"\/>\n\n\n\n<p class=\"has-text-align-center\">Ist das genau das, was ihr braucht? Dann lass uns reden<\/p>\n\n\n\n<div class=\"wp-block-buttons is-content-justification-center is-layout-flex wp-container-core-buttons-is-layout-16018d1d wp-block-buttons-is-layout-flex\">\n<div class=\"wp-block-button\"><a class=\"wp-block-button__link has-black-color has-pale-pink-background-color has-text-color has-background wp-element-button\" href=\"https:\/\/calendly.com\/mariannerady\/consultation-call\" target=\"_blank\" rel=\"noreferrer noopener\">Termin buchen<\/a><\/div>\n<\/div>\n","protected":false},"excerpt":{"rendered":"<p>Manchmal muss man sich einfach f\u00fcr ein paar Stunden zusammensetzen, um eine L\u00f6sung zu finden. Und meistens ist es hilfreich, jemanden zu haben, der das vorbereiten, moderieren und dokumentieren kann, damit alle aktiv mitmachen k\u00f6nnen. Hier komme ich ins Spiel, denn ich liebe Workshops! Eine schwammige Tagesordnung?Sich dahinschleppende Diskussionen, die zu nichts f\u00fchren?Keine Ergebnisse und [&hellip;]<\/p>\n","protected":false},"author":1,"featured_media":0,"parent":0,"menu_order":0,"comment_status":"closed","ping_status":"closed","template":"","meta":{"ocean_post_layout":"","ocean_both_sidebars_style":"","ocean_both_sidebars_content_width":0,"ocean_both_sidebars_sidebars_width":0,"ocean_sidebar":"","ocean_second_sidebar":"","ocean_disable_margins":"enable","ocean_add_body_class":"","ocean_shortcode_before_top_bar":"","ocean_shortcode_after_top_bar":"","ocean_shortcode_before_header":"","ocean_shortcode_after_header":"","ocean_has_shortcode":"","ocean_shortcode_after_title":"","ocean_shortcode_before_footer_widgets":"","ocean_shortcode_after_footer_widgets":"","ocean_shortcode_before_footer_bottom":"","ocean_shortcode_after_footer_bottom":"","ocean_display_top_bar":"default","ocean_display_header":"default","ocean_header_style":"","ocean_center_header_left_menu":"","ocean_custom_header_template":"","ocean_custom_logo":0,"ocean_custom_retina_logo":0,"ocean_custom_logo_max_width":0,"ocean_custom_logo_tablet_max_width":0,"ocean_custom_logo_mobile_max_width":0,"ocean_custom_logo_max_height":0,"ocean_custom_logo_tablet_max_height":0,"ocean_custom_logo_mobile_max_height":0,"ocean_header_custom_menu":"","ocean_menu_typo_font_family":"","ocean_menu_typo_font_subset":"","ocean_menu_typo_font_size":0,"ocean_menu_typo_font_size_tablet":0,"ocean_menu_typo_font_size_mobile":0,"ocean_menu_typo_font_size_unit":"px","ocean_menu_typo_font_weight":"","ocean_menu_typo_font_weight_tablet":"","ocean_menu_typo_font_weight_mobile":"","ocean_menu_typo_transform":"","ocean_menu_typo_transform_tablet":"","ocean_menu_typo_transform_mobile":"","ocean_menu_typo_line_height":0,"ocean_menu_typo_line_height_tablet":0,"ocean_menu_typo_line_height_mobile":0,"ocean_menu_typo_line_height_unit":"","ocean_menu_typo_spacing":0,"ocean_menu_typo_spacing_tablet":0,"ocean_menu_typo_spacing_mobile":0,"ocean_menu_typo_spacing_unit":"","ocean_menu_link_color":"","ocean_menu_link_color_hover":"","ocean_menu_link_color_active":"","ocean_menu_link_background":"","ocean_menu_link_hover_background":"","ocean_menu_link_active_background":"","ocean_menu_social_links_bg":"","ocean_menu_social_hover_links_bg":"","ocean_menu_social_links_color":"","ocean_menu_social_hover_links_color":"","ocean_disable_title":"default","ocean_disable_heading":"default","ocean_post_title":"","ocean_post_subheading":"","ocean_post_title_style":"","ocean_post_title_background_color":"","ocean_post_title_background":0,"ocean_post_title_bg_image_position":"","ocean_post_title_bg_image_attachment":"","ocean_post_title_bg_image_repeat":"","ocean_post_title_bg_image_size":"","ocean_post_title_height":0,"ocean_post_title_bg_overlay":0.5,"ocean_post_title_bg_overlay_color":"","ocean_disable_breadcrumbs":"default","ocean_breadcrumbs_color":"","ocean_breadcrumbs_separator_color":"","ocean_breadcrumbs_links_color":"","ocean_breadcrumbs_links_hover_color":"","ocean_display_footer_widgets":"default","ocean_display_footer_bottom":"default","ocean_custom_footer_template":"","footnotes":""},"class_list":["post-1561","page","type-page","status-publish","hentry","entry"],"aioseo_notices":[],"_links":{"self":[{"href":"https:\/\/mariannerady.com\/de\/wp-json\/wp\/v2\/pages\/1561","targetHints":{"allow":["GET"]}}],"collection":[{"href":"https:\/\/mariannerady.com\/de\/wp-json\/wp\/v2\/pages"}],"about":[{"href":"https:\/\/mariannerady.com\/de\/wp-json\/wp\/v2\/types\/page"}],"author":[{"embeddable":true,"href":"https:\/\/mariannerady.com\/de\/wp-json\/wp\/v2\/users\/1"}],"replies":[{"embeddable":true,"href":"https:\/\/mariannerady.com\/de\/wp-json\/wp\/v2\/comments?post=1561"}],"version-history":[{"count":15,"href":"https:\/\/mariannerady.com\/de\/wp-json\/wp\/v2\/pages\/1561\/revisions"}],"predecessor-version":[{"id":1667,"href":"https:\/\/mariannerady.com\/de\/wp-json\/wp\/v2\/pages\/1561\/revisions\/1667"}],"wp:attachment":[{"href":"https:\/\/mariannerady.com\/de\/wp-json\/wp\/v2\/media?parent=1561"}],"curies":[{"name":"wp","href":"https:\/\/api.w.org\/{rel}","templated":true}]}}