{"id":1534,"date":"2023-02-09T18:06:43","date_gmt":"2023-02-09T16:06:43","guid":{"rendered":"https:\/\/mariannerady.com\/?page_id=1534"},"modified":"2024-03-19T12:08:54","modified_gmt":"2024-03-19T10:08:54","slug":"kontakt","status":"publish","type":"page","link":"https:\/\/mariannerady.com\/de\/kontakt\/","title":{"rendered":"Kontakt"},"content":{"rendered":"\t\t<div data-elementor-type=\"wp-page\" data-elementor-id=\"1534\" class=\"elementor elementor-1534\">\n\t\t\t\t<div class=\"elementor-element elementor-element-9bd3a7f e-flex e-con-boxed e-con e-parent\" data-id=\"9bd3a7f\" data-element_type=\"container\" data-e-type=\"container\">\n\t\t\t\t\t<div class=\"e-con-inner\">\n\t\t<div class=\"elementor-element elementor-element-f52d98e e-con-full e-flex e-con e-child\" data-id=\"f52d98e\" data-element_type=\"container\" data-e-type=\"container\">\n\t\t\t\t<div class=\"elementor-element elementor-element-a12332f elementor-widget elementor-widget-image\" data-id=\"a12332f\" data-element_type=\"widget\" data-e-type=\"widget\" data-widget_type=\"image.default\">\n\t\t\t\t<div class=\"elementor-widget-container\">\n\t\t\t\t\t\t\t\t\t\t\t\t\t\t\t<img fetchpriority=\"high\" decoding=\"async\" width=\"630\" height=\"555\" src=\"https:\/\/mariannerady.com\/wp-content\/uploads\/2022\/12\/Screenshot-2022-12-24-190548.png\" class=\"attachment-large size-large wp-image-1100\" alt=\"\" srcset=\"https:\/\/mariannerady.com\/wp-content\/uploads\/2022\/12\/Screenshot-2022-12-24-190548.png 630w, https:\/\/mariannerady.com\/wp-content\/uploads\/2022\/12\/Screenshot-2022-12-24-190548-300x264.png 300w, https:\/\/mariannerady.com\/wp-content\/uploads\/2022\/12\/Screenshot-2022-12-24-190548-68x60.png 68w\" sizes=\"(max-width: 630px) 100vw, 630px\" \/>\t\t\t\t\t\t\t\t\t\t\t\t\t\t\t<\/div>\n\t\t\t\t<\/div>\n\t\t\t\t<\/div>\n\t\t<div class=\"elementor-element elementor-element-571073c e-con-full e-flex e-con e-child\" data-id=\"571073c\" data-element_type=\"container\" data-e-type=\"container\">\n\t\t\t\t<div class=\"elementor-element elementor-element-80915d4 elementor-widget elementor-widget-text-editor\" data-id=\"80915d4\" data-element_type=\"widget\" data-e-type=\"widget\" data-widget_type=\"text-editor.default\">\n\t\t\t\t<div class=\"elementor-widget-container\">\n\t\t\t\t\t\t\t\t\t<p>Du brauchst jemanden f\u00fcr dein Team und w\u00fcrdest gerne raus finden, ob wir zusammen arbeiten k\u00f6nnnen? <\/p>\n<p>Dann buche doch gerne ein kostenfreies <strong>Kennenlerngespr\u00e4ch<\/strong>, ganz einfach via Kalendertool.<\/p>\n<p>Du hast schon ein Anliegen oder Thema, f\u00fcr das du ein Coaching m\u00f6chtest? Dann buche direkt eine erste <strong>Coaching Session<\/strong> mit mir. <\/p>\t\t\t\t\t\t\t\t<\/div>\n\t\t\t\t<\/div>\n\t\t\t\t<\/div>\n\t\t\t\t\t<\/div>\n\t\t\t\t<\/div>\n\t\t<div class=\"elementor-element elementor-element-0578dd3 e-flex e-con-boxed e-con e-parent\" data-id=\"0578dd3\" data-element_type=\"container\" data-e-type=\"container\">\n\t\t\t\t\t<div class=\"e-con-inner\">\n\t\t\t\t<div class=\"elementor-element elementor-element-1f5a57b elementor-widget elementor-widget-html\" data-id=\"1f5a57b\" data-element_type=\"widget\" data-e-type=\"widget\" data-widget_type=\"html.default\">\n\t\t\t\t<div class=\"elementor-widget-container\">\n\t\t\t\t\t<div class=\"tidycal-embed\" data-path=\"rady\"><\/div>\n<script src=\"https:\/\/asset-tidycal.b-cdn.net\/js\/embed.js\" async><\/script>\t\t\t\t<\/div>\n\t\t\t\t<\/div>\n\t\t\t\t<div class=\"elementor-element elementor-element-c677c1d elementor-widget elementor-widget-text-editor\" data-id=\"c677c1d\" data-element_type=\"widget\" data-e-type=\"widget\" data-widget_type=\"text-editor.default\">\n\t\t\t\t<div class=\"elementor-widget-container\">\n\t\t\t\t\t\t\t\t\t<p>Oder falls du mir lieber erst mal schreiben m\u00f6chtest, schick mir gerne eine Email an <a href=\"mailto:hello@mariannerady.com\">hello@mariannerady.com<\/a><\/p>\t\t\t\t\t\t\t\t<\/div>\n\t\t\t\t<\/div>\n\t\t\t\t\t<\/div>\n\t\t\t\t<\/div>\n\t\t\t\t<\/div>\n\t\t","protected":false},"excerpt":{"rendered":"<p>Du brauchst jemanden f\u00fcr dein Team und w\u00fcrdest gerne raus finden, ob wir zusammen arbeiten k\u00f6nnnen? Dann buche doch gerne ein kostenfreies Kennenlerngespr\u00e4ch, ganz einfach via Kalendertool. Du hast schon ein Anliegen oder Thema, f\u00fcr das du ein Coaching m\u00f6chtest? Dann buche direkt eine erste Coaching Session mit mir. Oder falls du mir lieber erst [&hellip;]<\/p>\n","protected":false},"author":1,"featured_media":0,"parent":0,"menu_order":0,"comment_status":"closed","ping_status":"closed","template":"","meta":{"ocean_post_layout":"","ocean_both_sidebars_style":"","ocean_both_sidebars_content_width":0,"ocean_both_sidebars_sidebars_width":0,"ocean_sidebar":"","ocean_second_sidebar":"","ocean_disable_margins":"enable","ocean_add_body_class":"","ocean_shortcode_before_top_bar":"","ocean_shortcode_after_top_bar":"","ocean_shortcode_before_header":"","ocean_shortcode_after_header":"","ocean_has_shortcode":"","ocean_shortcode_after_title":"","ocean_shortcode_before_footer_widgets":"","ocean_shortcode_after_footer_widgets":"","ocean_shortcode_before_footer_bottom":"","ocean_shortcode_after_footer_bottom":"","ocean_display_top_bar":"default","ocean_display_header":"default","ocean_header_style":"","ocean_center_header_left_menu":"","ocean_custom_header_template":"","ocean_custom_logo":0,"ocean_custom_retina_logo":0,"ocean_custom_logo_max_width":0,"ocean_custom_logo_tablet_max_width":0,"ocean_custom_logo_mobile_max_width":0,"ocean_custom_logo_max_height":0,"ocean_custom_logo_tablet_max_height":0,"ocean_custom_logo_mobile_max_height":0,"ocean_header_custom_menu":"","ocean_menu_typo_font_family":"","ocean_menu_typo_font_subset":"","ocean_menu_typo_font_size":0,"ocean_menu_typo_font_size_tablet":0,"ocean_menu_typo_font_size_mobile":0,"ocean_menu_typo_font_size_unit":"px","ocean_menu_typo_font_weight":"","ocean_menu_typo_font_weight_tablet":"","ocean_menu_typo_font_weight_mobile":"","ocean_menu_typo_transform":"","ocean_menu_typo_transform_tablet":"","ocean_menu_typo_transform_mobile":"","ocean_menu_typo_line_height":0,"ocean_menu_typo_line_height_tablet":0,"ocean_menu_typo_line_height_mobile":0,"ocean_menu_typo_line_height_unit":"","ocean_menu_typo_spacing":0,"ocean_menu_typo_spacing_tablet":0,"ocean_menu_typo_spacing_mobile":0,"ocean_menu_typo_spacing_unit":"","ocean_menu_link_color":"","ocean_menu_link_color_hover":"","ocean_menu_link_color_active":"","ocean_menu_link_background":"","ocean_menu_link_hover_background":"","ocean_menu_link_active_background":"","ocean_menu_social_links_bg":"","ocean_menu_social_hover_links_bg":"","ocean_menu_social_links_color":"","ocean_menu_social_hover_links_color":"","ocean_disable_title":"default","ocean_disable_heading":"default","ocean_post_title":"","ocean_post_subheading":"","ocean_post_title_style":"","ocean_post_title_background_color":"","ocean_post_title_background":0,"ocean_post_title_bg_image_position":"","ocean_post_title_bg_image_attachment":"","ocean_post_title_bg_image_repeat":"","ocean_post_title_bg_image_size":"","ocean_post_title_height":0,"ocean_post_title_bg_overlay":0.5,"ocean_post_title_bg_overlay_color":"","ocean_disable_breadcrumbs":"default","ocean_breadcrumbs_color":"","ocean_breadcrumbs_separator_color":"","ocean_breadcrumbs_links_color":"","ocean_breadcrumbs_links_hover_color":"","ocean_display_footer_widgets":"default","ocean_display_footer_bottom":"default","ocean_custom_footer_template":"","footnotes":""},"class_list":["post-1534","page","type-page","status-publish","hentry","entry"],"aioseo_notices":[],"_links":{"self":[{"href":"https:\/\/mariannerady.com\/de\/wp-json\/wp\/v2\/pages\/1534","targetHints":{"allow":["GET"]}}],"collection":[{"href":"https:\/\/mariannerady.com\/de\/wp-json\/wp\/v2\/pages"}],"about":[{"href":"https:\/\/mariannerady.com\/de\/wp-json\/wp\/v2\/types\/page"}],"author":[{"embeddable":true,"href":"https:\/\/mariannerady.com\/de\/wp-json\/wp\/v2\/users\/1"}],"replies":[{"embeddable":true,"href":"https:\/\/mariannerady.com\/de\/wp-json\/wp\/v2\/comments?post=1534"}],"version-history":[{"count":19,"href":"https:\/\/mariannerady.com\/de\/wp-json\/wp\/v2\/pages\/1534\/revisions"}],"predecessor-version":[{"id":1771,"href":"https:\/\/mariannerady.com\/de\/wp-json\/wp\/v2\/pages\/1534\/revisions\/1771"}],"wp:attachment":[{"href":"https:\/\/mariannerady.com\/de\/wp-json\/wp\/v2\/media?parent=1534"}],"curies":[{"name":"wp","href":"https:\/\/api.w.org\/{rel}","templated":true}]}}